{"id":114744,"date":"2024-12-10T13:59:36","date_gmt":"2024-12-10T12:59:36","guid":{"rendered":"https:\/\/www.sagnature.it\/public\/wordpress\/prodotto\/5501032-lampada-torcia-pl-mini-3-valkyrie-per-pistola-da-montare-su-rotaia-olight\/"},"modified":"2026-02-18T11:12:35","modified_gmt":"2026-02-18T10:12:35","slug":"5501032-lampada-torcia-pl-mini-3-valkyrie-per-pistola-da-montare-su-rotaia-olight","status":"publish","type":"product","link":"https:\/\/www.sagnature.it\/public\/wordpress\/prodotto\/5501032-lampada-torcia-pl-mini-3-valkyrie-per-pistola-da-montare-su-rotaia-olight\/","title":{"rendered":"5501032 &#8211; LAMPADA TORCIA PL-MINI 3 VALKYRIE PER PISTOLA DA MONTARE SU ROTAIA &#8211; OLIGHT"},"content":{"rendered":"<p><center> <a target=\"_blank\" href=\"http:\/\/www.sagnature.it\/0listino\/EXCEL\/phpNativoCVS\/ArticoloGet.php?ARTICOLO=5501032\"> CLICCA QUI PER ULTERIORI DETTAGLI  <\/a> <\/center><\/p>\n<p><iframe loading=\"lazy\" title=\"PL-MINI 3 Valkyrie 600 L\u00famenes Linterna para Arma con Bater\u00eda Extra\u00edble\" width=\"980\" height=\"551\" src=\"https:\/\/www.youtube.com\/embed\/Hma9PDBxWi0?feature=oembed\" frameborder=\"0\" allow=\"accelerometer; autoplay; clipboard-write; encrypted-media; gyroscope; picture-in-picture; web-share\" referrerpolicy=\"strict-origin-when-cross-origin\" allowfullscreen><\/iframe><\/p>\n","protected":false},"excerpt":{"rendered":"<p>CLICCA QUI PER ULTERIORI DETTAGLI<\/p>\n","protected":false},"featured_media":121903,"template":"","meta":[],"product_brand":[],"product_cat":[1961,1962],"product_tag":[],"class_list":{"0":"post-114744","1":"product","2":"type-product","3":"status-publish","4":"has-post-thumbnail","6":"product_cat-lampade-e-torce-2","7":"product_cat-lampade-e-torce-lampade-e-torce-2","9":"first","10":"instock","11":"taxable","12":"shipping-taxable","13":"purchasable","14":"product-type-simple"},"_links":{"self":[{"href":"https:\/\/www.sagnature.it\/public\/wordpress\/wp-json\/wp\/v2\/product\/114744","targetHints":{"allow":["GET"]}}],"collection":[{"href":"https:\/\/www.sagnature.it\/public\/wordpress\/wp-json\/wp\/v2\/product"}],"about":[{"href":"https:\/\/www.sagnature.it\/public\/wordpress\/wp-json\/wp\/v2\/types\/product"}],"wp:featuredmedia":[{"embeddable":true,"href":"https:\/\/www.sagnature.it\/public\/wordpress\/wp-json\/wp\/v2\/media\/121903"}],"wp:attachment":[{"href":"https:\/\/www.sagnature.it\/public\/wordpress\/wp-json\/wp\/v2\/media?parent=114744"}],"wp:term":[{"taxonomy":"product_brand","embeddable":true,"href":"https:\/\/www.sagnature.it\/public\/wordpress\/wp-json\/wp\/v2\/product_brand?post=114744"},{"taxonomy":"product_cat","embeddable":true,"href":"https:\/\/www.sagnature.it\/public\/wordpress\/wp-json\/wp\/v2\/product_cat?post=114744"},{"taxonomy":"product_tag","embeddable":true,"href":"https:\/\/www.sagnature.it\/public\/wordpress\/wp-json\/wp\/v2\/product_tag?post=114744"}],"curies":[{"name":"wp","href":"https:\/\/api.w.org\/{rel}","templated":true}]}}