{"id":10,"date":"2021-11-10T09:55:45","date_gmt":"2021-11-10T08:55:45","guid":{"rendered":"http:\/\/www.sagnature.it\/public\/wp-shopsag\/?page_id=10"},"modified":"2025-10-09T10:47:22","modified_gmt":"2025-10-09T08:47:22","slug":"rimborso_reso","status":"publish","type":"page","link":"https:\/\/www.sagnature.it\/public\/wp-shopsag\/rimborso_reso\/","title":{"rendered":"Politica di rimborso e reso"},"content":{"rendered":"\n<h2 class=\"wp-block-heading\">Cambi e Resi<\/h2>\n\n\n\n<h2 class=\"wp-block-heading\">Istruzioni per il cambio<\/h2>\n\n\n\n<p>Gli articoli acquistati sul nostro Shop Online potranno essere cambiati entro 14 giorni dal ricevimento del prodotto. Possiamo effettuare solamente sostituzioni di taglia e\/o colore, quindi cambiare l&#8217;articolo acquistato con il medesimo articolo in taglia e\/o colore differente. Non \u00e8 possibile invece sostituire il prodotto con un altro. Una volta ricevuto l&#8217;articolo al nostro magazzino provvederemo ad inviarti la nuova taglia o il nuovo colore. Puoi chiedere il cambio di pi\u00f9 prodotti appartenenti allo stesso ordine, a condizione che siano restituiti tutti insieme, all&#8217;interno dello stesso pacco di reso.<\/p>\n\n\n\n<p>Se desideri cambiare un prodotto acquistato , ti preghiamo di inoltrare la richiesta via mail all&#8217;indirizzo&nbsp;<a href=\"mailto:info@sagnature.it\">info@sagnature.it<\/a>&nbsp;indicando in oggetto &#8220;cambio taglia\/colore&#8221;, menzionando il codice prodotto, la taglia\/colore desiderato e il numero d&#8217;ordine a cui si fa riferimento. Verrai ricontattato da un nostro operatore per prendere accordi sulle modalit\u00e0 di restituzione.<\/p>\n\n\n\n<h2 class=\"wp-block-heading\">Istruzioni per il reso<a href=\"https:\/\/www.canicomitalia.com\/#\"><\/a><\/h2>\n\n\n\n<p>Se decidi di rendere il tuo acquisto, hai tempo 14 giorni dal giorno in cui prendi possesso dei beni, per esibire la richiesta di reso. Segui la procedura indicata di seguito per&nbsp;esercitare correttamente il tuo diritto di reso e ottenere il rimborso.<\/p>\n\n\n\n<p>1. Completa il modulo di reso che puoi scaricare cliccando&nbsp;<a href=\"https:\/\/www.sagnature.it\/modulo_reso_merce.pdf\">qui<\/a> <a href=\"https:\/\/www.sagnature.it\/modulo_reso_merce.pdf\">https:\/\/www.sagnature.it\/modulo_reso_merce.pdf<\/a>. Se non si effettua correttamente questa procedura, la SAG NATURE potrebbe impiegare pi\u00f9 tempo nel gestire correttamente la tua richiesta e procedere con il rimborso.<\/p>\n\n\n\n<p>2. A seguito degli accordi con il nostro operatore, al ricevimento del pacco, procederemo con il rimborso a mezzo bonifico bancario salvo&nbsp;diversi accordi&nbsp;tra le parti. Il termine di 14 giorni per effettuare il rimborso decorre dal giorno in cui il recesso&nbsp;perviene alla nostra sede.&nbsp;<\/p>\n\n\n\n<p>3. Ci teniamo a precisare che qualora i beni non vengano a noi consegnati nel termine di 14 giorni dalla notifica del recesso, \u00e8 nostro diritto trattenere il rimborso fintanto che la merce non perviene a destinazione.<\/p>\n\n\n\n<p>4. Qualora il bene pervenisse a noi alterato, sul rimborso dovr\u00e0 essere operata una riduzione pari alla diminuzione di valore sub\u00ecta dal bene. Riduzione prevista dall&#8217;art. 57 comma 2 del Codice del Consumo che prevede la responsabilit\u00e0 dell&#8217;utente per la diminuzione del valore dei beni risultante&nbsp;dalla manipolazione dei beni, diversa da quella necessaria per ristabilirne la natura, le caratteristiche e il funzionamento.<\/p>\n\n\n\n<p>Se desideri invece effettuare il cambio di un prodotto con un altro di taglia\/colore differente, andr\u00e0 specificato nel modulo previsto alla voce descrizione modulo RMA.<a href=\"https:\/\/www.canicomitalia.com\/#\"><\/a><a href=\"https:\/\/www.canicomitalia.com\/#\"><\/a><\/p>\n\n\n\n<p>Se per qualsiasi motivo non sei soddisfatto del tuo acquisto effettuato sul Shop Online hai la possibilit\u00e0 di restituirci la merce. La legge italiana garantisce al cliente il diritto di recedere e di ottenere il rimborso totale (spese di spedizione iniziali incluse). La richiesta e il rientro della merce resa dovr\u00e0 essere effettuata entro 14 giorni dal giorno in cui prendi possesso dei beni.<\/p>\n\n\n\n<p>Se vuoi restituire un prodotto ed essere rimborsato, ti ricordiamo che dovrai restituire la confezione integra contenente tutti gli elementi di cui il prodotto \u00e8 originariamente corredato.<\/p>\n\n\n\n<p>Tutti gli ordini resi saranno ispezionati all&#8217;arrivo presso il nostro magazzino, al fine di valutare l&#8217;integrit\u00e0 della merce resa e poter avviare il processo di accettazione reso e successivo rimborso.<\/p>\n\n\n\n<p><\/p>\n\n\n\n<p><strong>N.B.<\/strong>: La ditta SAG NATURE srl si riserva la facolt\u00e0 di apportare modifiche agli articoli ed alle immagini in qualunque momento e senza preavviso. Le immagini sono puramente indicative e potrebbero no rispecchiare appieno le caratteristiche del prodotto. <br><em>Fare riferimento alla descrizione e caratteristiche del prodotto<\/em>.<br><\/p>\n\n\n\n<p><\/p>\n","protected":false},"excerpt":{"rendered":"<p>Cambi e Resi Istruzioni per il cambio Gli articoli acquistati sul nostro Shop Online potranno essere cambiati entro 14 giorni dal ricevimento del prodotto. Possiamo effettuare solamente sostituzioni di taglia e\/o colore, quindi cambiare l&#8217;articolo acquistato con il medesimo articolo in taglia e\/o colore differente. Non \u00e8 possibile invece sostituire il prodotto con un altro. &hellip; <\/p>\n<p class=\"link-more\"><a href=\"https:\/\/www.sagnature.it\/public\/wp-shopsag\/rimborso_reso\/\" class=\"more-link\">Leggi tutto<span class=\"screen-reader-text\"> &#8220;Politica di rimborso e reso&#8221;<\/span><\/a><\/p>\n","protected":false},"author":1,"featured_media":0,"parent":0,"menu_order":0,"comment_status":"closed","ping_status":"closed","template":"","meta":{"_uf_show_specific_survey":0,"_uf_disable_surveys":false,"footnotes":""},"class_list":["post-10","page","type-page","status-publish","hentry"],"_links":{"self":[{"href":"https:\/\/www.sagnature.it\/public\/wp-shopsag\/wp-json\/wp\/v2\/pages\/10","targetHints":{"allow":["GET"]}}],"collection":[{"href":"https:\/\/www.sagnature.it\/public\/wp-shopsag\/wp-json\/wp\/v2\/pages"}],"about":[{"href":"https:\/\/www.sagnature.it\/public\/wp-shopsag\/wp-json\/wp\/v2\/types\/page"}],"author":[{"embeddable":true,"href":"https:\/\/www.sagnature.it\/public\/wp-shopsag\/wp-json\/wp\/v2\/users\/1"}],"replies":[{"embeddable":true,"href":"https:\/\/www.sagnature.it\/public\/wp-shopsag\/wp-json\/wp\/v2\/comments?post=10"}],"version-history":[{"count":11,"href":"https:\/\/www.sagnature.it\/public\/wp-shopsag\/wp-json\/wp\/v2\/pages\/10\/revisions"}],"predecessor-version":[{"id":25785,"href":"https:\/\/www.sagnature.it\/public\/wp-shopsag\/wp-json\/wp\/v2\/pages\/10\/revisions\/25785"}],"wp:attachment":[{"href":"https:\/\/www.sagnature.it\/public\/wp-shopsag\/wp-json\/wp\/v2\/media?parent=10"}],"curies":[{"name":"wp","href":"https:\/\/api.w.org\/{rel}","templated":true}]}}