{"id":2,"date":"2021-11-09T09:33:25","date_gmt":"2021-11-09T08:33:25","guid":{"rendered":"http:\/\/www.sagnature.it\/public\/wp-shopsag\/?page_id=2"},"modified":"2023-02-27T20:44:03","modified_gmt":"2023-02-27T19:44:03","slug":"storia","status":"publish","type":"page","link":"https:\/\/www.sagnature.it\/public\/wp-shopsag\/storia\/","title":{"rendered":"Storia"},"content":{"rendered":"\n<p><strong>La nostra storia.<br><\/strong>La SAG NATURE come ditta individuale nasce esattamente il giorno 14\/02\/2003 come attivit\u00e0 nel settore della caccia, tiro e tempo libero, \u00e8 azienda leader nell&#8217;importazione e la distribuzione dei migliori prodotti delle case costruttrici specializzandosi infine nella produzione a marchio proprio \u201cSag Nature\u201d, \u201cMartiDen\u201d e \u201cLa Nuova Regina\u201d. Prodotti specifici che nascono dalle esigenze degli utilizzatori finali, quindi non pi\u00f9 far adattare il cacciatore a ci\u00f2 che offre il mercato, ma bens\u00ec produrre o reperire articoli per le specifiche esigenze degli utilizzatori.<br>La ditta giunge ai nostri giorni partendo dai primissimi anni del nuovo millennio, infatti correva l&#8217;anno 2003 quando la SAG acronimo di Stefano, Agostino e Gianni, realizz\u00f2 ed immise sul mercato un Beeper denominato Sag Beeper 2, che ancora oggi \u00e8 presente al collo di tanti ausiliari, a conferma che il buon prodotto vede il susseguire delle annate venatorie sempre e perfettamente funzionante. Esso nacque come vengono alla luce tante piccole idee e dal connubio di qualit\u00e0 professionali in elettronica ed hardware di Gianni e Stefano che misero appunto un innovativo beeper per quegl&#8217;anni dalle caratteristiche tecniche richieste da Agostino appassionato ed esperto Beccacciaio, vocato ai valori etici e morali della caccia.<br>Il beeper Sag Beeper 2 riscosse interesse di tanti adepti di diana e le molteplici richieste diedero vita all&#8217;avvio della SAG NATURE successivamente convertita in srl. La ditta ad oggi pu\u00f2 vantare di aver reperito centinaia di prodotti interessanti tra questi nell&#8217;aprile del 2012 il nuovissimo satellitare Tek1.0 ma sopratutto avuto l&#8217;onore dalla casa madre di testarlo e rendicontare con apposito dettagliato questionario sul prodotto quando molti in Italia ed in Europa ne ignoravano l&#8217;esistenza. La SAG NATURE srl ha ottenuto successivamente la distribuzione di tutti i prodotti della Radio System Corporation (Sport Dog, Pet Safe) per tutta l&#8217;Italia dall&#8217;ottobre 2012 al dicembre 2013 ed acquisito le competenze specifiche su questo prodotto nonch\u00e9 l&#8217;immediata risoluzione di eventuali problemi o dubbi su ogni prodotto della gamma RSC.<\/p>\n\n\n\n<p><strong>Il presente.<br><\/strong>La Sig.ra Ilde De Luca, responsabile amministrativa della SAG NATURE srl e&#8217; assistita da un team professionale ed instancabile, mentre Agostino da appassionato cacciatore svolge mansioni di ricerca prodotti e sperimentazione di essi da immettere nella linea commerciale, raccogliendo sia le richieste specifiche di cacciatori pi\u00f9 esigenti che di agonisti \u201cNazionali\u201d.<br>Il team attualmente f\u00e0 fronte alla rete commerciale con agenti di commercio che coprono le regioni italiane con una folta anagrafe clienti, inoltre la SAG NATURE srl e&#8217; all&#8217;avanguardia dal punto di vista mediatico essendo presente in rete con un innovativo sito il quale si pone di semplice consultazione e che permette all&#8217;utente o cliente negoziante di fare una ricerca rapida di un qualsiasi prodotto d&#8217;interesse offrendo la possibilit\u00e0 di comprarlo con le molteplici proposte che la ditta offre.<br>Il sito offre, per i rivenditori, anche l&#8217;attuale disponibilit\u00e0 in magazzino e il relativo prezzo nonch\u00e9 il controllo degli ordini pregressi.<br>Il cliente, tassativamente possessore di partita iva specifica del settore e&#8217; sempre aggiornato sulle novit\u00e0 e sulle offerte mediante una mailing list, mentre l&#8217;esistenza di una mailing list destinata ai cacciatori\/utilizzatori del prodotto informa delle novit\u00e0 nonch\u00e9 del punto vendita pi\u00f9 vicino dove poterle visionare ed eventualmente acquistare. La SAG NATURE srl e&#8217; inoltre rivenditore di diversi altri brand di fama internazionale: Diotto, Truglo, Shilba, Martiden, Mash Holster, Gemini, Walker&#8217;s, Negrini, Sport Plast, Joker, JKR,\u2026 Negli ultimi anni la SAG NATURE srl ha lanciato innovazioni sulla nuova e personale linea abbigliamento La Nuova Regina, questo marchio La Nuova Regina e&#8217; stato ideato e realizzato da chi direttamente utilizza il prodotto nella caccia e nel tempo libero. Cacciatori appartenenti al team aziendale che, mentre prima offrivano supporto alle ditte produttrici, ora realizzano direttamente la propria linea prodotti per la caccia ed il tempo libero. Pertanto, sicurezza sulla qualit\u00e0 dei tessuti e requisiti affinch\u00e8 il prodotto soddisfi le esigenze dei cacciatori pi\u00f9 esigenti sono garantiti<br>La SAG NATURE srl e&#8217; sempre presente nelle maggiori fiere del settore sia sul territorio italiano che estero, dove sia il pubblico che gli addetti del settore commerciale possono visionare ed approfondire la specificit\u00e0 e le qualit\u00e0 dei prodotti.<\/p>\n\n\n\n<p><strong>Il futuro.<br><\/strong>Il futuro si auspica nella continua crescita al fianco dei punti vendita senza omettere le richieste specifiche degli utilizzatori finali e nell&#8217;instancabile e meticolosa ricerca commerciale di prodotti innovativi da offrire al mondo venatorio che mostra sempre pi\u00f9 interesse per l&#8217;innovazione.<br><\/p>\n\n\n\n<p><strong>A volte la passione offre risvolti professionali di vita inaspettati.<\/strong><\/p>\n\n\n<div class=\"wp-block-image is-style-rounded\">\n<figure class=\"aligncenter size-full is-resized\"><img loading=\"lazy\" decoding=\"async\" src=\"https:\/\/www.sagnature.it\/public\/wp-shopsag\/wp-content\/uploads\/2021\/11\/pg021_1_00-2.jpg\" alt=\"\" class=\"wp-image-37\" width=\"866\" height=\"257\" srcset=\"https:\/\/www.sagnature.it\/public\/wp-shopsag\/wp-content\/uploads\/2021\/11\/pg021_1_00-2-250x75.jpg 250w, https:\/\/www.sagnature.it\/public\/wp-shopsag\/wp-content\/uploads\/2021\/11\/pg021_1_00-2-350x105.jpg 350w, https:\/\/www.sagnature.it\/public\/wp-shopsag\/wp-content\/uploads\/2021\/11\/pg021_1_00-2-300x90.jpg 300w\" sizes=\"auto, (max-width: 767px) 89vw, (max-width: 1000px) 54vw, (max-width: 1071px) 543px, 580px\" \/><\/figure>\n<\/div>","protected":false},"excerpt":{"rendered":"<p>La nostra storia.La SAG NATURE come ditta individuale nasce esattamente il giorno 14\/02\/2003 come attivit\u00e0 nel settore della caccia, tiro e tempo libero, \u00e8 azienda leader nell&#8217;importazione e la distribuzione dei migliori prodotti delle case costruttrici specializzandosi infine nella produzione a marchio proprio \u201cSag Nature\u201d, \u201cMartiDen\u201d e \u201cLa Nuova Regina\u201d. Prodotti specifici che nascono dalle &hellip; <\/p>\n<p class=\"link-more\"><a href=\"https:\/\/www.sagnature.it\/public\/wp-shopsag\/storia\/\" class=\"more-link\">Leggi tutto<span class=\"screen-reader-text\"> &#8220;Storia&#8221;<\/span><\/a><\/p>\n","protected":false},"author":1,"featured_media":0,"parent":0,"menu_order":0,"comment_status":"closed","ping_status":"closed","template":"","meta":{"_uf_show_specific_survey":0,"_uf_disable_surveys":false,"footnotes":""},"class_list":["post-2","page","type-page","status-publish","hentry"],"_links":{"self":[{"href":"https:\/\/www.sagnature.it\/public\/wp-shopsag\/wp-json\/wp\/v2\/pages\/2","targetHints":{"allow":["GET"]}}],"collection":[{"href":"https:\/\/www.sagnature.it\/public\/wp-shopsag\/wp-json\/wp\/v2\/pages"}],"about":[{"href":"https:\/\/www.sagnature.it\/public\/wp-shopsag\/wp-json\/wp\/v2\/types\/page"}],"author":[{"embeddable":true,"href":"https:\/\/www.sagnature.it\/public\/wp-shopsag\/wp-json\/wp\/v2\/users\/1"}],"replies":[{"embeddable":true,"href":"https:\/\/www.sagnature.it\/public\/wp-shopsag\/wp-json\/wp\/v2\/comments?post=2"}],"version-history":[{"count":11,"href":"https:\/\/www.sagnature.it\/public\/wp-shopsag\/wp-json\/wp\/v2\/pages\/2\/revisions"}],"predecessor-version":[{"id":10661,"href":"https:\/\/www.sagnature.it\/public\/wp-shopsag\/wp-json\/wp\/v2\/pages\/2\/revisions\/10661"}],"wp:attachment":[{"href":"https:\/\/www.sagnature.it\/public\/wp-shopsag\/wp-json\/wp\/v2\/media?parent=2"}],"curies":[{"name":"wp","href":"https:\/\/api.w.org\/{rel}","templated":true}]}}