{"id":3,"date":"2021-11-09T09:33:25","date_gmt":"2021-11-09T08:33:25","guid":{"rendered":"http:\/\/www.sagnature.it\/public\/wp-shopsag\/?page_id=3"},"modified":"2024-01-04T12:22:35","modified_gmt":"2024-01-04T11:22:35","slug":"privacy-policy","status":"publish","type":"page","link":"https:\/\/www.sagnature.it\/public\/wp-shopsag\/privacy-policy\/","title":{"rendered":"Privacy policy"},"content":{"rendered":"\n<h2 class=\"wp-block-heading\">Chi siamo<\/h2>\n\n\n\n<p><strong class=\"privacy-policy-tutorial\"> <\/strong>L&#8217;indirizzo del nostro sito web \u00e8: https:\/\/www.sagnature.it\/public\/wp-shopsag.<\/p>\n\n\n\n<h2 class=\"wp-block-heading\">Quali dati personali raccogliamo e perch\u00e9 li raccogliamo<\/h2>\n\n\n\n<h3 class=\"wp-block-heading\">Commenti<\/h3>\n\n\n\n<p>Quando i visitatori lasciano commenti sul sito, raccogliamo i dati mostrati nel modulo dei commenti oltre all\u2019indirizzo IP del visitatore e la stringa dello user agent del browser per facilitare il rilevamento dello spam.<\/p>\n\n\n\n<h3 class=\"wp-block-heading\">Media<\/h3>\n\n\n\n<p>Se carichi immagini sul sito web, dovresti evitare di caricare immagini che includono i dati di posizione incorporati (EXIF GPS). I visitatori del sito web possono scaricare ed estrarre qualsiasi dato sulla posizione dalle immagini sul sito web.<\/p>\n\n\n\n<h3 class=\"wp-block-heading\">Modulo di contatto<\/h3>\n\n\n\n<h3 class=\"wp-block-heading\">Cookie<\/h3>\n\n\n\n<p>Se lasci un commento sul nostro sito, puoi scegliere di salvare il tuo nome, indirizzo email e sito web nei cookie. Sono usati per la tua comodit\u00e0 in modo che tu non debba inserire nuovamente i tuoi dati quando lasci un altro commento. Questi cookie dureranno per un anno.<\/p>\n\n\n\n<p>Se visiti la pagina di login, verr\u00e0 impostato un cookie temporaneo per determinare se il tuo browser accetta i cookie. Questo cookie non contiene dati personali e viene eliminato quando chiudi il browser.<\/p>\n\n\n\n<p>Quando effettui l\u2019accesso, verranno impostati diversi cookie per salvare le tue informazioni di accesso e le tue opzioni di visualizzazione dello schermo. I cookie di accesso durano due giorni mentre i cookie per le opzioni dello schermo durano un anno. Se selezioni \u201cRicordami\u201d, il tuo accesso persister\u00e0 per due settimane. Se esci dal tuo account, i cookie di accesso verranno rimossi.<\/p>\n\n\n\n<p>Se modifichi o pubblichi un articolo, un cookie aggiuntivo verr\u00e0 salvato nel tuo browser. Questo cookie non include dati personali, ma indica semplicemente l\u2019ID dell\u2019articolo appena modificato. Scade dopo 1 giorno.<\/p>\n\n\n\n<h3 class=\"wp-block-heading\">Contenuto incorporato da altri siti web<\/h3>\n\n\n\n<p>Gli articoli su questo sito possono includere contenuti incorporati (ad esempio video, immagini, articoli, ecc.). I contenuti incorporati da altri siti web si comportano esattamente allo stesso modo come se il visitatore avesse visitato l\u2019altro sito web.<\/p>\n\n\n\n<p>Questi siti web possono raccogliere dati su di te, usare cookie, integrare ulteriori tracciamenti di terze parti e monitorare l\u2019interazione con essi, incluso il tracciamento della tua interazione con il contenuto incorporato se hai un account e sei connesso a quei siti web.<\/p>\n\n\n\n<h3 class=\"wp-block-heading\">Analytics<\/h3>\n\n\n\n<h2 class=\"wp-block-heading\">Con chi condividiamo i tuoi dati<\/h2>\n\n\n\n<h2 class=\"wp-block-heading\">Per quanto tempo conserviamo i tuoi dati<\/h2>\n\n\n\n<p>Se lasci un commento, il commento e i relativi metadati vengono conservati a tempo indeterminato. \u00c8 cos\u00ec che possiamo riconoscere e approvare automaticamente eventuali commenti successivi invece di tenerli in una coda di moderazione.<\/p>\n\n\n\n<p>Per gli utenti che si registrano sul nostro sito web (se presenti), memorizziamo anche le informazioni personali che forniscono nel loro profilo utente. Tutti gli utenti possono vedere, modificare o cancellare le loro informazioni personali in qualsiasi momento (eccetto il loro nome utente che non possono cambiare). Gli amministratori del sito web possono anche vedere e modificare queste informazioni.<\/p>\n\n\n\n<h2 class=\"wp-block-heading\">Quali diritti hai sui tuoi dati<\/h2>\n\n\n\n<p>Se hai un account su questo sito, o hai lasciato commenti, puoi richiedere di ricevere un file esportato dal sito con i dati personali che abbiamo su di te, compresi i dati che ci hai fornito. Puoi anche richiedere che cancelliamo tutti i dati personali che ti riguardano. Questo non include i dati che siamo obbligati a conservare per scopi amministrativi, legali o di sicurezza.<\/p>\n\n\n\n<h2 class=\"wp-block-heading\">Dove spediamo i tuoi dati<\/h2>\n\n\n\n<p>I commenti dei visitatori possono essere controllati attraverso un servizio di rilevamento automatico dello spam.<\/p>\n\n\n\n<h2 class=\"wp-block-heading\">Le tue informazioni di contatto<\/h2>\n\n\n\n<h2 class=\"wp-block-heading\">Informazioni aggiuntive<\/h2>\n\n\n\n<h3 class=\"wp-block-heading\">Come proteggiamo i tuoi dati<\/h3>\n\n\n\n<h3 class=\"wp-block-heading\">Quali procedure abbiamo predisposto per prevenire la violazione dei dati<\/h3>\n\n\n\n<h3 class=\"wp-block-heading\">Da quali terze parti riceviamo dati<\/h3>\n\n\n\n<h3 class=\"wp-block-heading\">Quale processo decisionale automatizzato e\/o profilazione facciamo con i dati dell\u2019utente<\/h3>\n\n\n\n<h3 class=\"wp-block-heading\">Requisiti di informativa normativa del settore<\/h3>\n\n\n\n<p class=\"has-text-align-center\"><em>SAG NATURE S.r.l<\/em>.       P. IVA:&nbsp;<strong>06263781210<\/strong><\/p>\n\n\n\n<p><\/p>\n\n\n\n<p>ORDINI KLARNA<\/p>\n\n\n\n<p>relativamente agli ordini Klarna Il tuo ordine non verr\u00e0 spedito finch\u00e9 i fondi non risulteranno trasferiti nel nostro conto corrente, perch\u00e9 subordinati all&#8217;accettazione da parte del gestore Klarna ed alla sottoscrizione delle modalit\u00e0 di pagamento. <\/p>\n\n\n\n<p>.<\/p>\n\n\n\n<p><\/p>\n\n\n\n<p><\/p>\n\n\n\n<p><\/p>\n\n\n\n<p><\/p>\n\n\n\n<p><\/p>\n\n\n\n<p><\/p>\n\n\n\n<p><\/p>\n\n\n\n<p><\/p>\n\n\n\n<p><\/p>\n\n\n\n<p><\/p>\n\n\n\n<p><\/p>\n\n\n\n<p><\/p>\n","protected":false},"excerpt":{"rendered":"<p>Chi siamo L&#8217;indirizzo del nostro sito web \u00e8: https:\/\/www.sagnature.it\/public\/wp-shopsag. Quali dati personali raccogliamo e perch\u00e9 li raccogliamo Commenti Quando i visitatori lasciano commenti sul sito, raccogliamo i dati mostrati nel modulo dei commenti oltre all\u2019indirizzo IP del visitatore e la stringa dello user agent del browser per facilitare il rilevamento dello spam. Media Se carichi &hellip; <\/p>\n<p class=\"link-more\"><a href=\"https:\/\/www.sagnature.it\/public\/wp-shopsag\/privacy-policy\/\" class=\"more-link\">Leggi tutto<span class=\"screen-reader-text\"> &#8220;Privacy policy&#8221;<\/span><\/a><\/p>\n","protected":false},"author":1,"featured_media":0,"parent":0,"menu_order":0,"comment_status":"closed","ping_status":"open","template":"","meta":{"_uf_show_specific_survey":0,"_uf_disable_surveys":false,"footnotes":""},"class_list":["post-3","page","type-page","status-publish","hentry"],"_links":{"self":[{"href":"https:\/\/www.sagnature.it\/public\/wp-shopsag\/wp-json\/wp\/v2\/pages\/3","targetHints":{"allow":["GET"]}}],"collection":[{"href":"https:\/\/www.sagnature.it\/public\/wp-shopsag\/wp-json\/wp\/v2\/pages"}],"about":[{"href":"https:\/\/www.sagnature.it\/public\/wp-shopsag\/wp-json\/wp\/v2\/types\/page"}],"author":[{"embeddable":true,"href":"https:\/\/www.sagnature.it\/public\/wp-shopsag\/wp-json\/wp\/v2\/users\/1"}],"replies":[{"embeddable":true,"href":"https:\/\/www.sagnature.it\/public\/wp-shopsag\/wp-json\/wp\/v2\/comments?post=3"}],"version-history":[{"count":4,"href":"https:\/\/www.sagnature.it\/public\/wp-shopsag\/wp-json\/wp\/v2\/pages\/3\/revisions"}],"predecessor-version":[{"id":14919,"href":"https:\/\/www.sagnature.it\/public\/wp-shopsag\/wp-json\/wp\/v2\/pages\/3\/revisions\/14919"}],"wp:attachment":[{"href":"https:\/\/www.sagnature.it\/public\/wp-shopsag\/wp-json\/wp\/v2\/media?parent=3"}],"curies":[{"name":"wp","href":"https:\/\/api.w.org\/{rel}","templated":true}]}}