{"id":48077,"date":"2026-04-15T04:44:07","date_gmt":"2026-04-15T02:44:07","guid":{"rendered":"https:\/\/www.sagnature.it\/public\/wp-shopsag\/?page_id=48077"},"modified":"2026-04-15T04:44:11","modified_gmt":"2026-04-15T02:44:11","slug":"oltre-le-commerce","status":"publish","type":"page","link":"https:\/\/www.sagnature.it\/public\/wp-shopsag\/oltre-le-commerce\/","title":{"rendered":"Oltre l&#8217;E-commerce."},"content":{"rendered":"\n<p>Perch\u00e9 la Consulenza Diretta \u00e8 il Cuore di Sag Nature. <\/p>\n\n\n\n<p>Nel mondo degli acquisti online, siamo ormai abituati a interfacce fredde e risposte automatizzate. <\/p>\n\n\n\n<p>Ma quando si parla di passione per la caccia e vita all&#8217;aria aperta, l\u2019attrezzatura \u00e8 un compagno di avventura che deve garantire affidabilit\u00e0 e prestazioni.<\/p>\n\n\n\n<p>Per questo noi di Sag Nature abbiamo fatto una scelta controcorrente: rimettere l\u2019uomo e la competenza al centro attraverso il nostro servizio di Consulenza Tecnica Diretta.<\/p>\n\n\n\n<p>Non solo Venditori, ma Compagni di Passione Scegliere il giusto gilet tecnico o l&#8217;accessorio specifico non \u00e8 sempre immediato. <\/p>\n\n\n\n<p>Il nostro servizio via WhatsApp e telefono \u00e8 un filo diretto con esperti del settore.Disponibilit\u00e0 in Tempo Reale: Risposte puntuali per sciogliere ogni dubbio durante la scelta.<\/p>\n\n\n\n<p><em>Competenza Specifica<\/em>: Conosciamo i prodotti perch\u00e9 siamo i primi a utilizzarli sul campo.<\/p>\n\n\n\n<p><em>Personalizzazione<\/em>: Spesso consigliamo una soluzione diversa da quella inizialmente scelta, se capiamo che si adatta meglio alle reali esigenze del cliente.<\/p>\n\n\n\n<p><em>Chi ci mette la faccia<\/em>: Il valore della responsabilit\u00e0<\/p>\n\n\n\n<p>Nelle nostre recensioni leggerete spesso nomi come quello di Agostino o riferimenti alla disponibilit\u00e0 del titolare. Questo accade perch\u00e9 dietro ogni spedizione c\u2019\u00e8 una persona che si assume la responsabilit\u00e0 di ci\u00f2 che vende.<\/p>\n\n\n\n<p>&#8220;Persona molto seria, precisione in tutto&#8230; grazie mille Agostino al prossimo ordine.&#8221; \u2013 Luca F.<\/p>\n\n\n\n<p>La cura che fa la differenzaLa nostra seriet\u00e0 si vede anche nei dettagli: dalla puntualit\u00e0 della consegna alla cura maniacale nell&#8217;imballaggio, affinch\u00e9 ogni prodotto arrivi in condizioni perfette. <\/p>\n\n\n\n<p>Come dice il nostro cliente Vincenzo P.: &#8220;Oltre al prezzo vantaggioso, prodotto imballato con MOLTA CURA&#8221;.<\/p>\n\n\n\n<p>In conclusione In un&#8217;epoca di algoritmi, noi scegliamo di ascoltare la vostra voce. Perch\u00e9 la migliore tecnologia resta sempre quella di una stretta di mano, anche se digitale.<\/p>\n\n\n\n<p>Hai un dubbio sul tuo prossimo acquisto? Scrivici su WhatsApp o chiamaci direttamente. <\/p>\n\n\n\n<p>Siamo qui per assicurarci che la tua prossima uscita in natura sia supportata dal miglior equipaggiamento possibile.<\/p>\n\n\n\n<p><\/p>\n","protected":false},"excerpt":{"rendered":"<p>Perch\u00e9 la Consulenza Diretta \u00e8 il Cuore di Sag Nature. Nel mondo degli acquisti online, siamo ormai abituati a interfacce fredde e risposte automatizzate. Ma quando si parla di passione per la caccia e vita all&#8217;aria aperta, l\u2019attrezzatura \u00e8 un compagno di avventura che deve garantire affidabilit\u00e0 e prestazioni. Per questo noi di Sag Nature &hellip; <\/p>\n<p class=\"link-more\"><a href=\"https:\/\/www.sagnature.it\/public\/wp-shopsag\/oltre-le-commerce\/\" class=\"more-link\">Leggi tutto<span class=\"screen-reader-text\"> &#8220;Oltre l&#8217;E-commerce.&#8221;<\/span><\/a><\/p>\n","protected":false},"author":1,"featured_media":0,"parent":0,"menu_order":0,"comment_status":"closed","ping_status":"closed","template":"","meta":{"_uf_show_specific_survey":0,"_uf_disable_surveys":false,"footnotes":""},"class_list":["post-48077","page","type-page","status-publish","hentry"],"_links":{"self":[{"href":"https:\/\/www.sagnature.it\/public\/wp-shopsag\/wp-json\/wp\/v2\/pages\/48077","targetHints":{"allow":["GET"]}}],"collection":[{"href":"https:\/\/www.sagnature.it\/public\/wp-shopsag\/wp-json\/wp\/v2\/pages"}],"about":[{"href":"https:\/\/www.sagnature.it\/public\/wp-shopsag\/wp-json\/wp\/v2\/types\/page"}],"author":[{"embeddable":true,"href":"https:\/\/www.sagnature.it\/public\/wp-shopsag\/wp-json\/wp\/v2\/users\/1"}],"replies":[{"embeddable":true,"href":"https:\/\/www.sagnature.it\/public\/wp-shopsag\/wp-json\/wp\/v2\/comments?post=48077"}],"version-history":[{"count":1,"href":"https:\/\/www.sagnature.it\/public\/wp-shopsag\/wp-json\/wp\/v2\/pages\/48077\/revisions"}],"predecessor-version":[{"id":48079,"href":"https:\/\/www.sagnature.it\/public\/wp-shopsag\/wp-json\/wp\/v2\/pages\/48077\/revisions\/48079"}],"wp:attachment":[{"href":"https:\/\/www.sagnature.it\/public\/wp-shopsag\/wp-json\/wp\/v2\/media?parent=48077"}],"curies":[{"name":"wp","href":"https:\/\/api.w.org\/{rel}","templated":true}]}}