{"id":21093,"date":"2024-12-10T13:57:30","date_gmt":"2024-12-10T12:57:30","guid":{"rendered":"https:\/\/www.sagnature.it\/public\/wp-shopsag\/prodotto\/5501032-lampada-torcia-pl-mini-3-valkyrie-per-pistola-da-montare-su-rotaia-olight\/"},"modified":"2026-04-17T07:50:47","modified_gmt":"2026-04-17T05:50:47","slug":"5501032-lampada-torcia-pl-mini-3-valkyrie-per-pistola-da-montare-su-rotaia-olight","status":"publish","type":"product","link":"https:\/\/www.sagnature.it\/public\/wp-shopsag\/prodotto\/5501032-lampada-torcia-pl-mini-3-valkyrie-per-pistola-da-montare-su-rotaia-olight\/","title":{"rendered":"5501032 &#8211; LAMPADA TORCIA PL-MINI 3 VALKYRIE PER PISTOLA DA MONTARE SU ROTAIA &#8211; OLIGHT"},"content":{"rendered":"<p> <a target=\"_blank\" href=\"http:\/\/www.sagnature.it\/0listino\/EXCEL\/phpNativoCVS\/ArticoloGet.php?ARTICOLO=5501032\"> CLICCA QUI PER ULTERIORI DETTAGLI  <\/a> <\/p>\n<p><iframe loading=\"lazy\" title=\"PL-MINI 3 Valkyrie 600 L\u00famenes Linterna para Arma con Bater\u00eda Extra\u00edble\" width=\"525\" height=\"295\" src=\"https:\/\/www.youtube.com\/embed\/Hma9PDBxWi0?feature=oembed\" frameborder=\"0\" allow=\"accelerometer; autoplay; clipboard-write; encrypted-media; gyroscope; picture-in-picture; web-share\" referrerpolicy=\"strict-origin-when-cross-origin\" allowfullscreen><\/iframe><\/p>\n","protected":false},"excerpt":{"rendered":"<p>CLICCA QUI PER ULTERIORI DETTAGLI<\/p>\n","protected":false},"featured_media":48340,"comment_status":"open","ping_status":"closed","template":"","meta":{"_uf_show_specific_survey":0,"_uf_disable_surveys":false},"product_brand":[],"product_cat":[78,79],"product_tag":[],"class_list":{"0":"post-21093","1":"product","2":"type-product","3":"status-publish","4":"has-post-thumbnail","6":"product_cat-lampade-e-torce","7":"product_cat-lampade-e-torce-lampade-e-torce","9":"first","10":"instock","11":"shipping-taxable","12":"purchasable","13":"product-type-simple"},"_links":{"self":[{"href":"https:\/\/www.sagnature.it\/public\/wp-shopsag\/wp-json\/wp\/v2\/product\/21093","targetHints":{"allow":["GET"]}}],"collection":[{"href":"https:\/\/www.sagnature.it\/public\/wp-shopsag\/wp-json\/wp\/v2\/product"}],"about":[{"href":"https:\/\/www.sagnature.it\/public\/wp-shopsag\/wp-json\/wp\/v2\/types\/product"}],"replies":[{"embeddable":true,"href":"https:\/\/www.sagnature.it\/public\/wp-shopsag\/wp-json\/wp\/v2\/comments?post=21093"}],"wp:featuredmedia":[{"embeddable":true,"href":"https:\/\/www.sagnature.it\/public\/wp-shopsag\/wp-json\/wp\/v2\/media\/48340"}],"wp:attachment":[{"href":"https:\/\/www.sagnature.it\/public\/wp-shopsag\/wp-json\/wp\/v2\/media?parent=21093"}],"wp:term":[{"taxonomy":"product_brand","embeddable":true,"href":"https:\/\/www.sagnature.it\/public\/wp-shopsag\/wp-json\/wp\/v2\/product_brand?post=21093"},{"taxonomy":"product_cat","embeddable":true,"href":"https:\/\/www.sagnature.it\/public\/wp-shopsag\/wp-json\/wp\/v2\/product_cat?post=21093"},{"taxonomy":"product_tag","embeddable":true,"href":"https:\/\/www.sagnature.it\/public\/wp-shopsag\/wp-json\/wp\/v2\/product_tag?post=21093"}],"curies":[{"name":"wp","href":"https:\/\/api.w.org\/{rel}","templated":true}]}}